{"id":2364,"date":"2025-03-31T13:41:05","date_gmt":"2025-03-31T11:41:05","guid":{"rendered":"http:\/\/www.asumisrauha.fi\/?page_id=2364"},"modified":"2025-03-31T13:41:16","modified_gmt":"2025-03-31T11:41:16","slug":"palveluvalikoima","status":"publish","type":"page","link":"https:\/\/www.asumisrauha.fi\/sv\/palveluvalikoima\/","title":{"rendered":"Utbud av tj\u00e4nster"},"content":{"rendered":"","protected":false},"excerpt":{"rendered":"","protected":false},"author":12,"featured_media":0,"parent":0,"menu_order":0,"comment_status":"closed","ping_status":"closed","template":"","meta":{"_kad_post_transparent":"","_kad_post_title":"","_kad_post_layout":"","_kad_post_sidebar_id":"","_kad_post_content_style":"","_kad_post_vertical_padding":"","_kad_post_feature":"","_kad_post_feature_position":"","_kad_post_header":false,"_kad_post_footer":false,"_kad_post_classname":"","footnotes":""},"class_list":["post-2364","page","type-page","status-publish","hentry"],"yoast_head":"<!-- This site is optimized with the Yoast SEO plugin v27.4 - https:\/\/yoast.com\/product\/yoast-seo-wordpress\/ -->\n<title>Palveluvalikoima - Asumisrauhan keskus<\/title>\n<meta name=\"robots\" content=\"index, follow, max-snippet:-1, max-image-preview:large, max-video-preview:-1\" \/>\n<link rel=\"canonical\" href=\"https:\/\/www.asumisrauha.fi\/sv\/palveluvalikoima\/\" \/>\n<meta property=\"og:locale\" content=\"sv_SE\" \/>\n<meta property=\"og:type\" content=\"article\" \/>\n<meta property=\"og:title\" content=\"Palveluvalikoima - Asumisrauhan keskus\" \/>\n<meta property=\"og:url\" content=\"https:\/\/www.asumisrauha.fi\/sv\/palveluvalikoima\/\" \/>\n<meta property=\"og:site_name\" content=\"Asumisrauhan keskus\" \/>\n<meta property=\"article:modified_time\" content=\"2025-03-31T11:41:16+00:00\" \/>\n<meta name=\"twitter:card\" content=\"summary_large_image\" \/>\n<script type=\"application\/ld+json\" class=\"yoast-schema-graph\">{\"@context\":\"https:\\\/\\\/schema.org\",\"@graph\":[{\"@type\":\"WebPage\",\"@id\":\"https:\\\/\\\/www.asumisrauha.fi\\\/palveluvalikoima\\\/\",\"url\":\"https:\\\/\\\/www.asumisrauha.fi\\\/palveluvalikoima\\\/\",\"name\":\"Palveluvalikoima - Asumisrauhan keskus\",\"isPartOf\":{\"@id\":\"https:\\\/\\\/www.asumisrauha.fi\\\/#website\"},\"datePublished\":\"2025-03-31T11:41:05+00:00\",\"dateModified\":\"2025-03-31T11:41:16+00:00\",\"breadcrumb\":{\"@id\":\"https:\\\/\\\/www.asumisrauha.fi\\\/palveluvalikoima\\\/#breadcrumb\"},\"inLanguage\":\"sv-SE\",\"potentialAction\":[{\"@type\":\"ReadAction\",\"target\":[\"https:\\\/\\\/www.asumisrauha.fi\\\/palveluvalikoima\\\/\"]}]},{\"@type\":\"BreadcrumbList\",\"@id\":\"https:\\\/\\\/www.asumisrauha.fi\\\/palveluvalikoima\\\/#breadcrumb\",\"itemListElement\":[{\"@type\":\"ListItem\",\"position\":1,\"name\":\"Etusivu\",\"item\":\"https:\\\/\\\/www.asumisrauha.fi\\\/\"},{\"@type\":\"ListItem\",\"position\":2,\"name\":\"Palveluvalikoima\"}]},{\"@type\":\"WebSite\",\"@id\":\"https:\\\/\\\/www.asumisrauha.fi\\\/#website\",\"url\":\"https:\\\/\\\/www.asumisrauha.fi\\\/\",\"name\":\"Asumisrauhan keskus\",\"description\":\"Asumisrauhan keskus sovittelee asumiseen ja naapuruuteen liittyvi&auml; konflikteja.\",\"publisher\":{\"@id\":\"https:\\\/\\\/www.asumisrauha.fi\\\/#organization\"},\"potentialAction\":[{\"@type\":\"SearchAction\",\"target\":{\"@type\":\"EntryPoint\",\"urlTemplate\":\"https:\\\/\\\/www.asumisrauha.fi\\\/?s={search_term_string}\"},\"query-input\":{\"@type\":\"PropertyValueSpecification\",\"valueRequired\":true,\"valueName\":\"search_term_string\"}}],\"inLanguage\":\"sv-SE\"},{\"@type\":\"Organization\",\"@id\":\"https:\\\/\\\/www.asumisrauha.fi\\\/#organization\",\"name\":\"Asumisrauhan keskus\",\"url\":\"https:\\\/\\\/www.asumisrauha.fi\\\/\",\"logo\":{\"@type\":\"ImageObject\",\"inLanguage\":\"sv-SE\",\"@id\":\"https:\\\/\\\/www.asumisrauha.fi\\\/#\\\/schema\\\/logo\\\/image\\\/\",\"url\":\"https:\\\/\\\/www.asumisrauha.fi\\\/wp-content\\\/uploads\\\/2025\\\/05\\\/cropped-logo12.png\",\"contentUrl\":\"https:\\\/\\\/www.asumisrauha.fi\\\/wp-content\\\/uploads\\\/2025\\\/05\\\/cropped-logo12.png\",\"width\":261,\"height\":231,\"caption\":\"Asumisrauhan keskus\"},\"image\":{\"@id\":\"https:\\\/\\\/www.asumisrauha.fi\\\/#\\\/schema\\\/logo\\\/image\\\/\"},\"sameAs\":[\"https:\\\/\\\/fi.linkedin.com\\\/company\\\/naapuruussovittelun-keskus\"]}]}<\/script>\n<!-- \/ Yoast SEO plugin. -->","yoast_head_json":{"title":"Palveluvalikoima - Asumisrauhan keskus","robots":{"index":"index","follow":"follow","max-snippet":"max-snippet:-1","max-image-preview":"max-image-preview:large","max-video-preview":"max-video-preview:-1"},"canonical":"https:\/\/www.asumisrauha.fi\/sv\/palveluvalikoima\/","og_locale":"sv_SE","og_type":"article","og_title":"Palveluvalikoima - Asumisrauhan keskus","og_url":"https:\/\/www.asumisrauha.fi\/sv\/palveluvalikoima\/","og_site_name":"Asumisrauhan keskus","article_modified_time":"2025-03-31T11:41:16+00:00","twitter_card":"summary_large_image","schema":{"@context":"https:\/\/schema.org","@graph":[{"@type":"WebPage","@id":"https:\/\/www.asumisrauha.fi\/palveluvalikoima\/","url":"https:\/\/www.asumisrauha.fi\/palveluvalikoima\/","name":"Palveluvalikoima - Asumisrauhan keskus","isPartOf":{"@id":"https:\/\/www.asumisrauha.fi\/#website"},"datePublished":"2025-03-31T11:41:05+00:00","dateModified":"2025-03-31T11:41:16+00:00","breadcrumb":{"@id":"https:\/\/www.asumisrauha.fi\/palveluvalikoima\/#breadcrumb"},"inLanguage":"sv-SE","potentialAction":[{"@type":"ReadAction","target":["https:\/\/www.asumisrauha.fi\/palveluvalikoima\/"]}]},{"@type":"BreadcrumbList","@id":"https:\/\/www.asumisrauha.fi\/palveluvalikoima\/#breadcrumb","itemListElement":[{"@type":"ListItem","position":1,"name":"Etusivu","item":"https:\/\/www.asumisrauha.fi\/"},{"@type":"ListItem","position":2,"name":"Palveluvalikoima"}]},{"@type":"WebSite","@id":"https:\/\/www.asumisrauha.fi\/#website","url":"https:\/\/www.asumisrauha.fi\/","name":"Centrum f\u00f6r fred i boendet","description":"Centrum f\u00f6r boendefrid medlar i konflikter som r\u00f6r boende och grannskap.","publisher":{"@id":"https:\/\/www.asumisrauha.fi\/#organization"},"potentialAction":[{"@type":"SearchAction","target":{"@type":"EntryPoint","urlTemplate":"https:\/\/www.asumisrauha.fi\/?s={search_term_string}"},"query-input":{"@type":"PropertyValueSpecification","valueRequired":true,"valueName":"search_term_string"}}],"inLanguage":"sv-SE"},{"@type":"Organization","@id":"https:\/\/www.asumisrauha.fi\/#organization","name":"Centrum f\u00f6r fred i boendet","url":"https:\/\/www.asumisrauha.fi\/","logo":{"@type":"ImageObject","inLanguage":"sv-SE","@id":"https:\/\/www.asumisrauha.fi\/#\/schema\/logo\/image\/","url":"https:\/\/www.asumisrauha.fi\/wp-content\/uploads\/2025\/05\/cropped-logo12.png","contentUrl":"https:\/\/www.asumisrauha.fi\/wp-content\/uploads\/2025\/05\/cropped-logo12.png","width":261,"height":231,"caption":"Asumisrauhan keskus"},"image":{"@id":"https:\/\/www.asumisrauha.fi\/#\/schema\/logo\/image\/"},"sameAs":["https:\/\/fi.linkedin.com\/company\/naapuruussovittelun-keskus"]}]}},"_links":{"self":[{"href":"https:\/\/www.asumisrauha.fi\/sv\/wp-json\/wp\/v2\/pages\/2364","targetHints":{"allow":["GET"]}}],"collection":[{"href":"https:\/\/www.asumisrauha.fi\/sv\/wp-json\/wp\/v2\/pages"}],"about":[{"href":"https:\/\/www.asumisrauha.fi\/sv\/wp-json\/wp\/v2\/types\/page"}],"author":[{"embeddable":true,"href":"https:\/\/www.asumisrauha.fi\/sv\/wp-json\/wp\/v2\/users\/12"}],"replies":[{"embeddable":true,"href":"https:\/\/www.asumisrauha.fi\/sv\/wp-json\/wp\/v2\/comments?post=2364"}],"version-history":[{"count":0,"href":"https:\/\/www.asumisrauha.fi\/sv\/wp-json\/wp\/v2\/pages\/2364\/revisions"}],"wp:attachment":[{"href":"https:\/\/www.asumisrauha.fi\/sv\/wp-json\/wp\/v2\/media?parent=2364"}],"curies":[{"name":"wp","href":"https:\/\/api.w.org\/{rel}","templated":true}]}}